{"id":10,"date":"2022-02-24T21:16:45","date_gmt":"2022-02-24T21:16:45","guid":{"rendered":"https:\/\/www.industraliamx.com\/altamira\/?page_id=10"},"modified":"2022-02-24T21:16:45","modified_gmt":"2022-02-24T21:16:45","slug":"ubicacion","status":"publish","type":"page","link":"https:\/\/www.industraliamx.com\/cla\/ubicacion\/","title":{"rendered":"Ubicaci\u00f3n"},"content":{"rendered":"<div id=\"wppb-builder-container\" class=\"wppb-builder-container\">                <div  class=\"wppb-row-parent  wppb-row-1646792144372 banner-ubicacion\"  >\n\t\t\t\t\t\n\t\t\t\t\t\t\t\t\t\t\n\t\t\t\t\t\t\t\t\t\t\n\t\t\t\t\t<div class=\"wppb-container \">\n\t\t\t\t\t\t\t\t\t\t\t\t\t\n                        <div class=\"wppb-row\">\n\t\t\t\t\t\t\t                                    <div  class=\"wppb-column-parent wppb-column-parent-view wppb-col-1646792144373  \"  >\n                                        <div class=\"wppb-column\">\n\t\t\t\t\t\n\t\t\t\t\t\t\t\t\t\t\t\n                                            <div class=\"wppb-builder-addons\">\n\t\t\t\t\t\t\t\t\t\t\t\t                                            <\/div>\n                                        <\/div>\n                                    <\/div>\n\t\t\t\t\t\t\t\t\t                        <\/div>\n\n                    <\/div>\n                <\/div>\n\t\t\t\t                <div  class=\"wppb-row-parent  wppb-row-1645743403905 concepto-home-cla\"  >\n\t\t\t\t\t\n\t\t\t\t\t\t\t\t\t\t\n\t\t\t\t\t\t\t\t\t\t\n\t\t\t\t\t<div class=\"wppb-container \">\n\t\t\t\t\t\t\t\t\t\t\t\t\t\n                        <div class=\"wppb-row\">\n\t\t\t\t\t\t\t                                    <div  class=\"wppb-column-parent wppb-column-parent-view wppb-col-1645743403902  \"  >\n                                        <div class=\"wppb-column\">\n\t\t\t\t\t\n\t\t\t\t\t\t\t\t\t\t\t\n                                            <div class=\"wppb-builder-addons\">\n\t\t\t\t\t\t\t\t\t\t\t\t                                            <\/div>\n                                        <\/div>\n                                    <\/div>\n\t\t\t\t\t\t\t\t\t                                    <div  class=\"wppb-column-parent wppb-column-parent-view wppb-col-1645743403903  \"  >\n                                        <div class=\"wppb-column\">\n\t\t\t\t\t\n\t\t\t\t\t\t\t\t\t\t\t\n                                            <div class=\"wppb-builder-addons\">\n\t\t\t\t\t\t\t\t\t\t\t\t<div class='wppb-builder-addon wppb-addon-1645743484343'  data-addon-id='1645743484343'><div class='wppb-addon'><div class=\"wppb-text-block-addon\"><div class=\"wppb-text-block-content 0\"><h3>Muy cerca del Puerto Industrial de Altamira y ubicado sobre una vialidad estrat\u00e9gica que lo conecta con las principales ciudades del Baj\u00edo y la Frontera con Estados Unidos.<\/h3><\/div><\/div><\/div><\/div><div class='wppb-builder-addon wppb-addon-1646850471082'  data-addon-id='1646850471082'><div class='wppb-addon'><div class=\"wppb-addon wppb-button-addon\"><div class=\"wppb-button-addon-content\"><a  href=\"https:\/\/goo.gl\/maps\/fVfq13EyPuDGjCUp7\" target=_self class=\"wppb-btn-addons  wppb-btn-success wppb-btn-square wppb-btn-standard wppb-btn-no\"><i class=\"far fa-map\"><\/i> Visitar Google Maps<\/a><\/div><\/div><\/div><\/div>                                            <\/div>\n                                        <\/div>\n                                    <\/div>\n\t\t\t\t\t\t\t\t\t                                    <div  class=\"wppb-column-parent wppb-column-parent-view wppb-col-1645743403904  \"  >\n                                        <div class=\"wppb-column\">\n\t\t\t\t\t\n\t\t\t\t\t\t\t\t\t\t\t\n                                            <div class=\"wppb-builder-addons\">\n\t\t\t\t\t\t\t\t\t\t\t\t                                            <\/div>\n                                        <\/div>\n                                    <\/div>\n\t\t\t\t\t\t\t\t\t                        <\/div>\n\n                    <\/div>\n                <\/div>\n\t\t\t\t                <div  class=\"wppb-row-parent  wppb-row-1645743403923 distancias\"  >\n\t\t\t\t\t\n\t\t\t\t\t\t\t\t\t\t\n\t\t\t\t\t\t\t\t\t\t\n\t\t\t\t\t<div class=\"wppb-container wppb-container-full\">\n\t\t\t\t\t\t\t\t\t\t\t\t\t\n                        <div class=\"wppb-row\">\n\t\t\t\t\t\t\t                                    <div  class=\"wppb-column-parent wppb-column-parent-view wppb-col-1645743403922  \"  >\n                                        <div class=\"wppb-column\">\n\t\t\t\t\t\n\t\t\t\t\t\t\t\t\t\t\t\n                                            <div class=\"wppb-builder-addons\">\n\t\t\t\t\t\t\t\t\t\t\t\t<div class='wppb-builder-addon wppb-addon-1660404280599'  data-addon-id='1660404280599'><div class='wppb-addon'><div class=\"wppb-image-addon\"><figure class=\"wppb-image-addon-content-wrap\"><div class=\"wppb-image-addon-content wppb-imginlineblock\"><img decoding=\"async\" class=\"wppb-image-addon-img\" src=\"https:\/\/www.industraliamx.com\/cla\/wp-content\/uploads\/sites\/2\/2022\/03\/blank.png\" alt=\"Image\"><\/div><\/figure><\/div><\/div><\/div>                                            <\/div>\n                                        <\/div>\n                                    <\/div>\n\t\t\t\t\t\t\t\t\t                                    <div  class=\"wppb-column-parent wppb-column-parent-view wppb-col-1646792144386  \"  >\n                                        <div class=\"wppb-column\">\n\t\t\t\t\t\n\t\t\t\t\t\t\t\t\t\t\t\n                                            <div class=\"wppb-builder-addons\">\n\t\t\t\t\t\t\t\t\t\t\t\t<div class='wppb-builder-addon wppb-addon-1646793102859'  data-addon-id='1646793102859'><div class='wppb-addon'><div class=\"wppb-raw-html-addon\"><div class=\"wppb-raw-html-content\"><table class=\"table-design2\">\n    <tbody>\n    <tr>\n    <th>Ciudad<\/th>\n    <th>Distancia<\/th>\n    <\/tr>\n    <tr>\n    <td>Matamoros\/Reynosa:<\/td>\n    <td>490 km<\/td>\n    <\/tr>\n    <tr>\n    <td>Monterrey:<\/td>\n    <td>497 km<\/td>\n    <\/tr>\n    <tr>\n    <td>CDMX:<\/td>\n    <td>518 km<\/td>\n    <\/tr>\n    <tr>\n    <td>SLP:<\/td>\n    <td>457 km<\/td>\n    <\/tr>\n    <tr>\n        <td>Quer\u00e9taro:<\/td>\n        <td>647 km<\/td>\n        <\/tr>\n\n        <tr>\n            <td>Guadalajara:<\/td>\n            <td>740 km<\/td>\n            <\/tr>\n\n        <\/tbody>\n    <\/table>\n\n<\/div><\/div><\/div><\/div><div class='wppb-builder-addon wppb-addon-1647555548291'  data-addon-id='1647555548291'><div class='wppb-addon'><div class=\"wppb-text-block-addon\"><div class=\"wppb-text-block-content 0\"><h3>Nueva Carretera Mante-Tula- Ocampo:<\/h3><p>Generar\u00e1 un ahorro en distancia con SLP y Zona Baj\u00edo<\/p><\/div><\/div><\/div><\/div>                                            <\/div>\n                                        <\/div>\n                                    <\/div>\n\t\t\t\t\t\t\t\t\t                        <\/div>\n\n                    <\/div>\n                <\/div>\n\t\t\t\t                <div  class=\"wppb-row-parent  wppb-row-1646849147701 modulo-contacto\"  >\n\t\t\t\t\t\n\t\t\t\t\t\t\t\t\t\t\n\t\t\t\t\t\t\t\t\t\t\n\t\t\t\t\t<div class=\"wppb-container wppb-container-full wppb-contaner-no-gutter\">\n\t\t\t\t\t\t\t\t\t\t\t\t\t\n                        <div class=\"wppb-row\">\n\t\t\t\t\t\t\t                                    <div  class=\"wppb-column-parent wppb-column-parent-view wppb-col-1646849147702  \"  >\n                                        <div class=\"wppb-column\">\n\t\t\t\t\t\n\t\t\t\t\t\t\t\t\t\t\t\n                                            <div class=\"wppb-builder-addons\">\n\t\t\t\t\t\t\t\t\t\t\t\t<div class='wppb-builder-addon wppb-addon-1660404382477'  data-addon-id='1660404382477'><div class='wppb-addon'><div class=\"wppb-image-addon\"><figure class=\"wppb-image-addon-content-wrap\"><div class=\"wppb-image-addon-content wppb-imginlineblock\"><img decoding=\"async\" class=\"wppb-image-addon-img\" src=\"https:\/\/www.industraliamx.com\/cla\/wp-content\/uploads\/sites\/2\/2022\/03\/blank.png\" alt=\"Image\"><\/div><\/figure><\/div><\/div><\/div>                                            <\/div>\n                                        <\/div>\n                                    <\/div>\n\t\t\t\t\t\t\t\t\t                                    <div  class=\"wppb-column-parent wppb-column-parent-view wppb-col-1646849147703 formulario-footer \"  >\n                                        <div class=\"wppb-column\">\n\t\t\t\t\t\n\t\t\t\t\t\t\t\t\t\t\t\n                                            <div class=\"wppb-builder-addons\">\n\t\t\t\t\t\t\t\t\t\t\t\t<div class='wppb-builder-addon wppb-addon-1646849147704'  data-addon-id='1646849147704'><div class='wppb-addon'><div class=\"wppb-text-block-addon\"><div class=\"wppb-text-block-content 0\"><h1>\u00bfDeseas m\u00e1s informaci\u00f3n?<\/h1><p>\u00daLTIMOS LOTES para el desarrollo de BTS, si deseas m\u00e1s informaci\u00f3n, contacta a Zarovi a trav\u00e9s del siguiente formulario.<\/p><\/div><\/div><\/div><\/div><div class='wppb-builder-addon wppb-widget-1645740566490 wppb-addon-1645740566490'  data-addon-id='1645740566490'><div class='wppb-widget'><div class=\"wpforms-container wpforms-container-full\" id=\"wpforms-24\"><form id=\"wpforms-form-24\" class=\"wpforms-validate wpforms-form wpforms-ajax-form\" data-formid=\"24\" method=\"post\" enctype=\"multipart\/form-data\" action=\"\/cla\/wp-json\/wp\/v2\/pages\/10\" data-token=\"e9b228c174ec3ec2f694bab909557c27\" data-token-time=\"1776958473\"><noscript class=\"wpforms-error-noscript\">Por favor, activa JavaScript en tu navegador para completar este formulario.<\/noscript><div class=\"wpforms-field-container\"><div id=\"wpforms-24-field_0-container\" class=\"wpforms-field wpforms-field-name\" data-field-id=\"0\"><label class=\"wpforms-field-label wpforms-label-hide\" for=\"wpforms-24-field_0\">Nombre <span class=\"wpforms-required-label\">*<\/span><\/label><input type=\"text\" id=\"wpforms-24-field_0\" class=\"wpforms-field-large wpforms-field-required\" name=\"wpforms[fields][0]\" placeholder=\"Nombre\" required><\/div><div id=\"wpforms-24-field_1-container\" class=\"wpforms-field wpforms-field-email\" data-field-id=\"1\"><label class=\"wpforms-field-label wpforms-label-hide\" for=\"wpforms-24-field_1\">Email <span class=\"wpforms-required-label\">*<\/span><\/label><input type=\"email\" id=\"wpforms-24-field_1\" class=\"wpforms-field-large wpforms-field-required\" name=\"wpforms[fields][1]\" placeholder=\"Email\" spellcheck=\"false\" required><\/div><div id=\"wpforms-24-field_4-container\" class=\"wpforms-field wpforms-field-text\" data-field-id=\"4\"><label class=\"wpforms-field-label wpforms-label-hide\" for=\"wpforms-24-field_4\">Tel\u00e9fono <span class=\"wpforms-required-label\">*<\/span><\/label><input type=\"text\" id=\"wpforms-24-field_4\" class=\"wpforms-field-large wpforms-field-required\" name=\"wpforms[fields][4]\" placeholder=\"Tel\u00e9fono\" required><\/div><div id=\"wpforms-24-field_2-container\" class=\"wpforms-field wpforms-field-textarea\" data-field-id=\"2\"><label class=\"wpforms-field-label wpforms-label-hide\" for=\"wpforms-24-field_2\">Comentarios <span class=\"wpforms-required-label\">*<\/span><\/label><textarea id=\"wpforms-24-field_2\" class=\"wpforms-field-medium wpforms-field-required\" name=\"wpforms[fields][2]\" placeholder=\"Comentarios\" required><\/textarea><\/div><\/div><!-- .wpforms-field-container --><div class=\"wpforms-submit-container\" ><input type=\"hidden\" name=\"wpforms[id]\" value=\"24\"><input type=\"hidden\" name=\"page_title\" value=\"\"><input type=\"hidden\" name=\"page_url\" value=\"https:\/\/www.industraliamx.com\/cla\/wp-json\/wp\/v2\/pages\/10\"><input type=\"hidden\" name=\"url_referer\" value=\"\"><button type=\"submit\" name=\"wpforms[submit]\" id=\"wpforms-submit-24\" class=\"wpforms-submit\" data-alt-text=\"Enviando...\" data-submit-text=\"Enviar\" aria-live=\"assertive\" value=\"wpforms-submit\">Enviar<\/button><img loading=\"lazy\" decoding=\"async\" src=\"https:\/\/www.industraliamx.com\/cla\/wp-content\/plugins\/wpforms-lite\/assets\/images\/submit-spin.svg\" class=\"wpforms-submit-spinner\" style=\"display: none;\" width=\"26\" height=\"26\" alt=\"Cargando\"><\/div><\/form><\/div>  <!-- .wpforms-container --><\/div><\/div>                                            <\/div>\n                                        <\/div>\n                                    <\/div>\n\t\t\t\t\t\t\t\t\t                        <\/div>\n\n                    <\/div>\n                <\/div>\n\t\t\t\t<\/div>","protected":false},"excerpt":{"rendered":"<p>Muy cerca del Puerto Industrial de Altamira y ubicado sobre una vialidad estrat\u00e9gica que lo conecta con las principales ciudades del Baj\u00edo y la Frontera con Estados Unidos. Visitar Google Maps Ciudad Distancia Matamoros\/Reynosa: 490 km Monterrey: 497 km CDMX: 518 km SLP: 457 km Quer\u00e9taro: 647 km Guadalajara: 740 km Nueva Carretera Mante-Tula- Ocampo:Generar\u00e1 [&hellip;]<\/p>\n","protected":false},"author":1,"featured_media":0,"parent":0,"menu_order":0,"comment_status":"closed","ping_status":"closed","template":"wppb_theme_template","meta":{"footnotes":""},"class_list":["post-10","page","type-page","status-publish","hentry"],"acf":[],"_links":{"self":[{"href":"https:\/\/www.industraliamx.com\/cla\/wp-json\/wp\/v2\/pages\/10","targetHints":{"allow":["GET"]}}],"collection":[{"href":"https:\/\/www.industraliamx.com\/cla\/wp-json\/wp\/v2\/pages"}],"about":[{"href":"https:\/\/www.industraliamx.com\/cla\/wp-json\/wp\/v2\/types\/page"}],"author":[{"embeddable":true,"href":"https:\/\/www.industraliamx.com\/cla\/wp-json\/wp\/v2\/users\/1"}],"replies":[{"embeddable":true,"href":"https:\/\/www.industraliamx.com\/cla\/wp-json\/wp\/v2\/comments?post=10"}],"version-history":[{"count":1,"href":"https:\/\/www.industraliamx.com\/cla\/wp-json\/wp\/v2\/pages\/10\/revisions"}],"predecessor-version":[{"id":11,"href":"https:\/\/www.industraliamx.com\/cla\/wp-json\/wp\/v2\/pages\/10\/revisions\/11"}],"wp:attachment":[{"href":"https:\/\/www.industraliamx.com\/cla\/wp-json\/wp\/v2\/media?parent=10"}],"curies":[{"name":"wp","href":"https:\/\/api.w.org\/{rel}","templated":true}]}}